{"id":140,"date":"2025-08-10T09:40:57","date_gmt":"2025-08-10T09:40:57","guid":{"rendered":"https:\/\/icnmsme.web.ua.pt\/?page_id=140"},"modified":"2025-10-13T09:58:05","modified_gmt":"2025-10-13T09:58:05","slug":"committees","status":"publish","type":"page","link":"https:\/\/icnmsme.web.ua.pt\/?page_id=140","title":{"rendered":"Committees"},"content":{"rendered":"<h3>Organizing Committee<\/h3>\n<p>Prof. Dr. Robertt Valente, University of Aveiro, Portugal<br \/>\nProf. Dr. V\u00edtor Ant\u00f3nio Ferreira da Costa, University of Aveiro, Portugal<br \/>\nProf. Dr. Ant\u00f3nio Manuel de Bastos Pereira, University of Aveiro, Portugal<br \/>\nProf. Dr. Paula Alexandrina de Aguiar Pereira Marques, University of Aveiro, Portugal<br \/>\nProf. Dr. Duncan Paul Fagg, University of Aveiro, Portugal<br \/>\nDr. Igor Bdikin, University of Aveiro, Portugal<br \/>\nDr. Gil Alberto Batista Gon\u00e7alves, University of Aveiro, Portugal<br \/>\nDr. Nat\u00e1lia Barroca, University of Aveiro, Portugal<br \/>\nDr. Francisco Loureiro, University of Aveiro, Portugal<br \/>\nDr. Laura Holz, University of Aveiro, Portugal<br \/>\nDr. Vanessa Cristina Diniz da Gra\u00e7a, University of Aveiro, Portugal<\/p>\n<h3>International Organizing Committee<\/h3>\n<p>Dr. Vikram Uttam Pandit, Haribhai V. Desai Arts, Science &amp; Commerce College, Pune, India<br \/>\nDr. Alejandro Heredia Barbero, Universidad Nacional Aut\u00f3noma de M\u00e9xico, Mexico<br \/>\nProf. Dr. Aleksandr Bagmut, National Technical University \u201cKhPI\u201d, Kharkiv, Ukraine<br \/>\nProf. Dr. Robert Pullar, Universit\u00e0 Ca\u2019 Foscari Venezia, Italy<br \/>\nProf. Dr. Natalia Tintaru, Vilnius University, Vilnius, Lithuania; Institute of Applied Physics, Chisinau, Moldova<br \/>\nProf. Dr. Anderson Rodrigues Lima Caires, Federal University of Mato Grosso Do Sul, Brazil<br \/>\nDr. Serb\u00fclent T\u00fcrk, Sakarya University, Turkey<\/p>\n<h3>Program Committee<\/h3>\n<p>Prof. Dr. Ajeet Kaushik, Florida State University, USA<br \/>\nDr. Alejandro Heredia Barbero, Universidad Nacional Aut\u00f3noma de M\u00e9xico, Mexico<br \/>\nProf. Dr. Aleksandr Bagmut, National Technical University \u201cKhPI\u201d, Kharkiv, Ukraine<br \/>\nDr. Aliaksandr Shaula, University of Aveiro, Portugal<br \/>\nProf. Dr. Anderson Rodrigues Lima Caires, Federal University of Mato Grosso Do Sul, Brazil<br \/>\nDr. Andrei Kovalevsky, University of Aveiro, Portugal<br \/>\nProf. Dr. Andrzej Kudelski, University of Warsaw, Poland<br \/>\nProf. Dr. Ant\u00f3nio Manuel de Bastos Pereira, University of Aveiro, Portugal<br \/>\nDr. Anuraag Gaddam, University of Aveiro, Portugal<br \/>\nProf. Dr. Arshad Khan, King Saud Bin Abdulaziz University for Health Sciences, Kingdom of Saudi Arabia<br \/>\nProf. Dr. Burak \u00dcNL\u00dc, Sakarya University, Turkey<br \/>\nDr. Carlos Granadeiro, University of Porto, Portugal<br \/>\nProf. Dr. Cicero R. Cena, Instituto de F\u00edsica, Mato Grosso do Sul Federal University, Brazil<br \/>\nDr. D. Pukazhselvan, University of Aveiro, Portugal<br \/>\nProf. Dr. Duncan Paul Fagg, University of Aveiro, Portugal<br \/>\nProf. Dr. Erico R. Carmona, Arturo Prat University, Iquique, Chile<br \/>\nDr. Ewa Langer, Institute for Engineering of Polymer Materials and Dyes, Toru\u0144, Poland<br \/>\nProf. Dr. Ezddin Hutli, Centre for Energy Research MTAEK, Budapest, Hungary<br \/>\nDr. Francisco Loureiro, University of Aveiro, Portugal<br \/>\nDr. Gil Alberto Batista Gon\u00e7alves, University of Aveiro, Portugal<br \/>\nProf. Dr. Gunnar Suchaneck, Technische Universit\u00e4t Dresden, Germany<br \/>\nDr. Igor Bdikin, University of Aveiro, Portugal<br \/>\nDr. Indrani Coondoo, University of Aveiro, Portugal<br \/>\nProf. Dr. Jamal Davoodi, University of Zanjan, Iran<br \/>\nDr. Joana Mesquita-Guimaraes, University of Aveiro, Portugal<br \/>\nDr. Jo\u00e3o Miguel Serras Dias, University of Aveiro, Portugal<br \/>\nDr. Karolina Olechowska, Jagiellonian University, Krak\u00f3w, Poland<br \/>\nDr. Laura Holz, University of Aveiro, Portugal<br \/>\nProf. Dr. Maciej Wojta\u015b, Faculty of Chemistry, University of Wroclaw, Poland<br \/>\nProf. Dr. Manish Jugroot, Royal Military College of Canada, Canada<br \/>\nProf. Dr. Marcos Gomes Ghislandi, Universidade Federal Rural de Pernambuco, Brazil<br \/>\nDr. Martina Kocijan, University of Zagreb, Croatia<br \/>\nProf. Dr. Matejka Podlogar, Jo\u017eef Stefan Institute, Ljubljana, Slovenia<br \/>\nProf. Dr. Musaab ZAROG, Sultan Qaboos University, Oman<br \/>\nDr. Nat\u00e1lia Barroca, University of Aveiro, Portugal<br \/>\nProf. Dr. Natalia Tintaru, Vilnius University, Vilnius, Lithuania; Institute of Applied Physics, Chisinau, Moldova<br \/>\nProf. Dr. Neeraj Panwar, Central University of Rajasthan, Bandarsindri, India<br \/>\nProf. Dr. Nikolai Sobolev, University of Aveiro, Portugal<br \/>\nDr. Oleksandr Tkach, University of Aveiro, Portugal<br \/>\nProf. Dr. Radheshyam Rai, Eternal University, India<br \/>\nDr. Ricardo Beja, University of Aveiro, Portugal<br \/>\nProf. Dr. Robert Pullar, Universit\u00e0 Ca\u2019 Foscari Venezia, Italy<br \/>\nDr. Pavani Krishnapuram, University of Aveiro, Portugal<br \/>\nProf. Dr. Paula Alexandrina de Aguiar Pereira Marques, University of Aveiro, Portugal<br \/>\nDr. Pavel Zelenovskii, University of Aveiro, Portugal<br \/>\nProf. Dr. Philip Leduc, Carnegie Mellon University, USA<br \/>\nProf. Dr. Said Boutahari, Sidi Mohammed Ben Abdellah University, Fez, Morocco<br \/>\nProf. Dr. Salam J.J. Titinchi, University of the Western Cape, Cape Town, South Africa<br \/>\nProf. Dr. Senentxu Lanceros-M\u00e9ndez, Parque Cient\u00edfico y Tecnol\u00f3gico de Bizkaia, Spain<br \/>\nDr. Serb\u00fclent T\u00fcrk, Sakarya University, Turkey<br \/>\nDr. Suresh Kumar Jakka, University of Aveiro, Portugal<br \/>\nDr. Venkata Ramana Eskilla, University of Aveiro, Portugal<br \/>\nDr. Vikram Uttam Pandit, Haribhai V. Desai Arts, Science &amp; Commerce College, Pune, India<br \/>\nProf. Dr. V\u00edtor Ant\u00f3nio Ferreira da Costa, University of Aveiro, Portugal<br \/>\nDr. Zhi Jiang, University of Aveiro, Portugal<\/p>\n<h3>Editorial Board<\/h3>\n<p>Dr. Igor Bdikin, University of Aveiro, Portugal<br \/>\nDr. Gil Alberto Batista Gon\u00e7alves, University of Aveiro, Portugal<br \/>\nDr. Martina Kocijan, University of Zagreb, Croatia<\/p>\n<h3>Technical Program Committee<\/h3>\n<p>Prof. Dr. Duncan Paul Fagg, University of Aveiro, Portugal<br \/>\nProf. Dr. Paula Alexandrina de Aguiar Pereira Marques, University of Aveiro, Portugal<br \/>\nDr. Igor Bdikin, University of Aveiro, Portugal<br \/>\nDr. Gil Alberto Batista, University of Aveiro, Portugal<br \/>\nDr. Francisco Loureiro, University of Aveiro, Portugal<br \/>\nDr. Nat\u00e1lia Barroca, University of Aveiro, Portugal<br \/>\nDr. Laura Holz, University of Aveiro, Portugal<br \/>\nDr. Vanessa Cristina Diniz da Gra\u00e7a, University of Aveiro, Portugal<br \/>\nDr. Ricardo Beja, University of Aveiro, Portugal<br \/>\nDr. Indrani Coondoo, University of Aveiro, Portugal<br \/>\nDr. Pavel Zelenovskii, University of Aveiro, Portugal<br \/>\nDr. Zhi Jiang, University of Aveiro, Portugal<\/p>\n<h3>Conference Contacts<\/h3>\n<p>Email:\u00a0<a href=\"mailto:TEMA-ICNMSME.aveiro@ua.pt\">TEMA-ICNMSME.aveiro@ua.pt<\/a><br \/>\nConference Web:\u00a0 <a href=\"https:\/\/icnmsme.web.ua.pt\">https:\/\/icnmsme.web.ua.pt<\/a><\/p>\n","protected":false},"excerpt":{"rendered":"<p>Organizing Committee Prof. Dr. Robertt Valente, University of Aveiro, Portugal Prof. Dr. V\u00edtor Ant\u00f3nio Ferreira da Costa, University of Aveiro, Portugal Prof. Dr. Ant\u00f3nio Manuel de Bastos Pereira, University of Aveiro, Portugal Prof. Dr. Paula Alexandrina de Aguiar Pereira Marques, University of Aveiro, Portugal Prof. Dr. Duncan Paul Fagg, University of Aveiro, Portugal Dr. Igor [&hellip;]<\/p>\n","protected":false},"author":2,"featured_media":0,"parent":0,"menu_order":0,"comment_status":"closed","ping_status":"closed","template":"","meta":{"om_disable_all_campaigns":false,"_monsterinsights_skip_tracking":false,"_monsterinsights_sitenote_active":false,"_monsterinsights_sitenote_note":"","_monsterinsights_sitenote_category":0,"footnotes":""},"class_list":["post-140","page","type-page","status-publish","hentry"],"aioseo_notices":[],"_links":{"self":[{"href":"https:\/\/icnmsme.web.ua.pt\/index.php?rest_route=\/wp\/v2\/pages\/140","targetHints":{"allow":["GET"]}}],"collection":[{"href":"https:\/\/icnmsme.web.ua.pt\/index.php?rest_route=\/wp\/v2\/pages"}],"about":[{"href":"https:\/\/icnmsme.web.ua.pt\/index.php?rest_route=\/wp\/v2\/types\/page"}],"author":[{"embeddable":true,"href":"https:\/\/icnmsme.web.ua.pt\/index.php?rest_route=\/wp\/v2\/users\/2"}],"replies":[{"embeddable":true,"href":"https:\/\/icnmsme.web.ua.pt\/index.php?rest_route=%2Fwp%2Fv2%2Fcomments&post=140"}],"version-history":[{"count":20,"href":"https:\/\/icnmsme.web.ua.pt\/index.php?rest_route=\/wp\/v2\/pages\/140\/revisions"}],"predecessor-version":[{"id":425,"href":"https:\/\/icnmsme.web.ua.pt\/index.php?rest_route=\/wp\/v2\/pages\/140\/revisions\/425"}],"wp:attachment":[{"href":"https:\/\/icnmsme.web.ua.pt\/index.php?rest_route=%2Fwp%2Fv2%2Fmedia&parent=140"}],"curies":[{"name":"wp","href":"https:\/\/api.w.org\/{rel}","templated":true}]}}